{"id":8330,"date":"2024-12-27T08:29:08","date_gmt":"2024-12-27T07:29:08","guid":{"rendered":"https:\/\/flavi.fr\/?page_id=8330"},"modified":"2024-12-27T08:31:05","modified_gmt":"2024-12-27T07:31:05","slug":"politique-de-confidentialite","status":"publish","type":"page","link":"https:\/\/flavi.fr\/index.php\/politique-de-confidentialite\/","title":{"rendered":"Politique de confidentialit\u00e9"},"content":{"rendered":"\n[et_pb_section fb_built=\u00a0\u00bb1&Prime; _builder_version=\u00a0\u00bb4.24.2&Prime; _module_preset=\u00a0\u00bbdefault\u00a0\u00bb global_colors_info=\u00a0\u00bb{}\u00a0\u00bb theme_builder_area=\u00a0\u00bbpost_content\u00a0\u00bb][et_pb_row _builder_version=\u00a0\u00bb4.24.2&Prime; _module_preset=\u00a0\u00bbdefault\u00a0\u00bb global_colors_info=\u00a0\u00bb{}\u00a0\u00bb theme_builder_area=\u00a0\u00bbpost_content\u00a0\u00bb][et_pb_column type=\u00a0\u00bb4_4&Prime; _builder_version=\u00a0\u00bb4.24.2&Prime; _module_preset=\u00a0\u00bbdefault\u00a0\u00bb global_colors_info=\u00a0\u00bb{}\u00a0\u00bb theme_builder_area=\u00a0\u00bbpost_content\u00a0\u00bb][et_pb_text _builder_version=\u00a0\u00bb4.24.2&Prime; _module_preset=\u00a0\u00bbdefault\u00a0\u00bb header_font=\u00a0\u00bbABeeZee|700|||||||\u00a0\u00bb header_text_align=\u00a0\u00bbcenter\u00a0\u00bb header_font_size=\u00a0\u00bb45px\u00a0\u00bb hover_enabled=\u00a0\u00bb0&Prime; header_font_size_tablet=\u00a0\u00bb45px\u00a0\u00bb header_font_size_phone=\u00a0\u00bb30px\u00a0\u00bb header_font_size_last_edited=\u00a0\u00bbon|desktop\u00a0\u00bb global_colors_info=\u00a0\u00bb{}\u00a0\u00bb theme_builder_area=\u00a0\u00bbpost_content\u00a0\u00bb sticky_enabled=\u00a0\u00bb0&Prime;]<h1>Politique de confidentialit\u00e9<\/h1>[\/et_pb_text][et_pb_text _builder_version=\u00a0\u00bb4.24.2&Prime; _module_preset=\u00a0\u00bbdefault\u00a0\u00bb text_font_size=\u00a0\u00bb20px\u00a0\u00bb header_2_font=\u00a0\u00bbABeeZee|700|||||||\u00a0\u00bb header_2_text_align=\u00a0\u00bbleft\u00a0\u00bb header_2_font_size=\u00a0\u00bb30px\u00a0\u00bb hover_enabled=\u00a0\u00bb0&Prime; header_2_font_size_tablet=\u00a0\u00bb30px\u00a0\u00bb header_2_font_size_phone=\u00a0\u00bb25px\u00a0\u00bb header_2_font_size_last_edited=\u00a0\u00bbon|phone\u00a0\u00bb global_colors_info=\u00a0\u00bb{}\u00a0\u00bb theme_builder_area=\u00a0\u00bbpost_content\u00a0\u00bb header_3_font=\u00a0\u00bbABeeZee|700|||||||\u00a0\u00bb sticky_enabled=\u00a0\u00bb0&Prime;]<h2 data-pm-slice=\"0 0 []\">1. Responsable de traitement<\/h2>\n<p data-pm-slice=\"0 0 []\">La Direction de l\u2019information l\u00e9gale et administrative (ci-apr\u00e8s DILA) est responsable du traitement pour le site<span> flavi.fr<\/span><span>\u00a0<\/span>(ci-apr\u00e8s \u201cle Site\u201d ou \u201cle Site FLAVI\u201d).<\/p>\n<p data-pm-slice=\"0 0 []\">Elle est repr\u00e9sent\u00e9e par sa directrice Eva MURINGER.<\/p>\n<p>&nbsp;<\/p>\n<p><strong>Les coordonn\u00e9es de la DILA :<\/strong><\/p>\n<p><span>Direction de l\u2019information l\u00e9gale et administrative<\/span><br \/><span>3 Avenue de l\u2019Europe<\/span><br \/><span>34830 CLAPIER<\/span><br \/><span>T\u00e9l. Standard : 06 33 44 86 57\u00a0<\/span><\/p>\n<p><span><\/span><\/p>\n<h2 data-pm-slice=\"0 0 []\">2. Traitement de donn\u00e9es personnelles et finalit\u00e9s poursuivies<\/h2>\n<h3>2.1 Donn\u00e9es personnelles collect\u00e9es sur le site<\/h3>\n<p><span>La DILA minimise les donn\u00e9es collect\u00e9es par le Site Flavi sur ses utilisateurs.<\/span><\/p>\n<p>Ainsi, des donn\u00e9es personnelles ne sont collect\u00e9es que pour le besoin d\u2019un service propos\u00e9 par le Site Flavi, \u00e0 savoir :<\/p>\n<p>La gestion des demandes de formations effectu\u00e9es sur la page \u00ab\u00a0Formations\u00a0\u00bb du site flavi.fr .<\/p>\n<p><span>La gestion des sujets d\u00e9pos\u00e9s par les utilisateurs par le biais du formulaire \u201cNous contacter\u201d pr\u00e9sent directement sur le Site flavi.fr .<\/span><\/p>\n<p><span>Dans le cadre de ces services, la DILA traite le nom et pr\u00e9nom de l\u2019utilisateur ainsi que son adresse \u00e9lectronique, son num\u00e9ro de t\u00e9l\u00e9phone, et le contenu du message adress\u00e9 via le formulaire \u00ab Nous contacter \u00bb et \u00ab Inscription Formation \u00bb.<\/span><\/p>\n<p><span>Les donn\u00e9es collect\u00e9es sont exclusivement trait\u00e9es par la DILA pour la r\u00e9alisation des finalit\u00e9s d\u00e9crites ci-avant.<\/span><\/p>\n<p><span><\/span><\/p>\n<h3><span>2.2 Donn\u00e9es personnelles difus\u00e9es sur le site<\/span><\/h3>\n<p><span>Dans le cadre du service public de la diffusion du droit par l\u2019internet, la DILA met \u00e0 la disposition du public sur le Site flavi.fr des noms de professionnels de l&rsquo;aide \u00e0 domicile en CESU.<\/span><\/p>\n<p><span><\/span><\/p>\n<h2><span>3. Dur\u00e9e de conservation<\/span><\/h2>\n<p><span>Pour la gestion des besoins envoy\u00e9s via le formulaire \u00ab Nous contacter \u00bb et le formulaire d&rsquo;inscription aux formations, la dur\u00e9e de conservation des donn\u00e9es est de 5 ans.<\/span><\/p>\n<p><span><\/span><\/p>\n<h2><span>4. Destinataire des donn\u00e9es<\/span><\/h2>\n<p><span>Les donn\u00e9es personnelles diffus\u00e9es sur le site flavi.fr via le formulaire de contact et d&rsquo;inscription aux formations sont soumis \u00e0 une obligation de confidentialit\u00e9 et de s\u00e9curit\u00e9 des donn\u00e9es et traitent les donn\u00e9es personnelles des utilisateurs conform\u00e9ment aux dispositions contractuelles convenues avec la DILA.<\/span><\/p>\n<p><span><\/span><\/p>\n<h2><span>5. Exercice des droits<\/span><span><\/span><\/h2>\n<p><span>La personne concern\u00e9e par le traitement de ses donn\u00e9es personnelles dispose d\u2019un droit d\u2019acc\u00e8s, de rectification, d\u2019effacement de ses donn\u00e9es ou encore de limitation de traitement. Il est par ailleurs possible, pour des motifs l\u00e9gitimes, de s\u2019opposer au traitement de ses donn\u00e9es.<\/span><\/p>\n<p><span>Pour obtenir des informations concernant les traitements de donn\u00e9es personnelles et exercer ses droits aupr\u00e8s du responsable de traitement, il convient d\u2019envoyer sa demande :<\/span><\/p>\n<p><span><\/span><\/p>\n<ul>\n<li>par courriel \u00e0 l\u2019adresse suivante : <a href=\"mailto:contact@flavi.fr\">contact@flavi.fr<\/a><\/li>\n<li>par courrier \u00e0 l\u2019adresse suivante :<br \/>DILA<br \/>Donn\u00e9es personnelles site flavi.fr<br \/>3 Avenue de l&rsquo;Europe<br \/><span>34830 CLAPIER<\/span><span><\/span><\/li>\n<\/ul>\n<p><span><\/span><\/p>\n<p><span>En tout \u00e9tat de cause, la personne concern\u00e9e a le droit d\u2019introduire une r\u00e9clamation ou une plainte aupr\u00e8s de la CNIL :<\/span><\/p>\n<p><span><\/span><\/p>\n<ul>\n<li>par voie \u00e9lectronique en cliquant sur le lien suivant :<span>\u00a0<\/span><a href=\"https:\/\/www.cnil.fr\/fr\/plaintes\">https:\/\/www.cnil.fr\/fr\/plaintes<\/a><\/li>\n<li>par courrier \u00e0 l\u2019adresse suivante :<br \/>Commission Nationale de l\u2019Informatique et des Libert\u00e9s<br \/>3 Place de Fontenoy \u2013 TSA 80715<br \/>75334 PARIS CEDEX 07<\/li>\n<\/ul>\n<p><span><\/span><\/p>\n<h2><span>6. Transfert des donn\u00e9es personnelles \u00e0 destination d&rsquo;un \u00c9tat non-membre de l&rsquo;Union Europ\u00e9enne<\/span><\/h2>\n<p><span>Aucun transfert de donn\u00e9es \u00e0 caract\u00e8re personnelles n\u2019est effectu\u00e9 vers un \u00c9tat non-membre de l\u2019Union Europ\u00e9enne.<\/span><\/p>[\/et_pb_text][\/et_pb_column][\/et_pb_row][\/et_pb_section]\n","protected":false},"excerpt":{"rendered":"<p>Politique de confidentialit\u00e91. Responsable de traitement La Direction de l\u2019information l\u00e9gale et administrative (ci-apr\u00e8s DILA) est responsable du traitement pour le site flavi.fr\u00a0(ci-apr\u00e8s \u201cle Site\u201d ou \u201cle Site FLAVI\u201d). Elle est repr\u00e9sent\u00e9e par sa directrice Eva MURINGER. &nbsp; Les coordonn\u00e9es de la DILA : Direction de l\u2019information l\u00e9gale et administrative3 Avenue de l\u2019Europe34830 CLAPIERT\u00e9l. Standard [&hellip;]<\/p>\n","protected":false},"author":1,"featured_media":0,"parent":0,"menu_order":0,"comment_status":"closed","ping_status":"closed","template":"","meta":{"_et_pb_use_builder":"on","_et_pb_old_content":"","_et_gb_content_width":"","_lmt_disableupdate":"","_lmt_disable":"","_monsterinsights_skip_tracking":false,"_monsterinsights_sitenote_active":false,"_monsterinsights_sitenote_note":"","_monsterinsights_sitenote_category":0,"footnotes":""},"class_list":["post-8330","page","type-page","status-publish","hentry"],"yoast_head":"<!-- This site is optimized with the Yoast SEO plugin v27.4 - https:\/\/yoast.com\/product\/yoast-seo-wordpress\/ -->\n<title>Politique de confidentialit\u00e9 - Flavi<\/title>\n<meta name=\"robots\" content=\"index, follow, max-snippet:-1, max-image-preview:large, max-video-preview:-1\" \/>\n<link rel=\"canonical\" href=\"https:\/\/flavi.fr\/index.php\/politique-de-confidentialite\/\" \/>\n<meta property=\"og:locale\" content=\"fr_FR\" \/>\n<meta property=\"og:type\" content=\"article\" \/>\n<meta property=\"og:title\" content=\"Politique de confidentialit\u00e9 - Flavi\" \/>\n<meta property=\"og:description\" content=\"Politique de confidentialit\u00e91. Responsable de traitement La Direction de l\u2019information l\u00e9gale et administrative (ci-apr\u00e8s DILA) est responsable du traitement pour le site flavi.fr\u00a0(ci-apr\u00e8s \u201cle Site\u201d ou \u201cle Site FLAVI\u201d). Elle est repr\u00e9sent\u00e9e par sa directrice Eva MURINGER. &nbsp; Les coordonn\u00e9es de la DILA : Direction de l\u2019information l\u00e9gale et administrative3 Avenue de l\u2019Europe34830 CLAPIERT\u00e9l. Standard [&hellip;]\" \/>\n<meta property=\"og:url\" content=\"https:\/\/flavi.fr\/index.php\/politique-de-confidentialite\/\" \/>\n<meta property=\"og:site_name\" content=\"Flavi\" \/>\n<meta property=\"article:modified_time\" content=\"2024-12-27T07:31:05+00:00\" \/>\n<meta name=\"twitter:card\" content=\"summary_large_image\" \/>\n<meta name=\"twitter:label1\" content=\"Dur\u00e9e de lecture estim\u00e9e\" \/>\n\t<meta name=\"twitter:data1\" content=\"3 minutes\" \/>\n<script type=\"application\/ld+json\" class=\"yoast-schema-graph\">{\"@context\":\"https:\\\/\\\/schema.org\",\"@graph\":[{\"@type\":\"WebPage\",\"@id\":\"https:\\\/\\\/flavi.fr\\\/index.php\\\/politique-de-confidentialite\\\/\",\"url\":\"https:\\\/\\\/flavi.fr\\\/index.php\\\/politique-de-confidentialite\\\/\",\"name\":\"Politique de confidentialit\u00e9 - Flavi\",\"isPartOf\":{\"@id\":\"https:\\\/\\\/flavi.fr\\\/#website\"},\"datePublished\":\"2024-12-27T07:29:08+00:00\",\"dateModified\":\"2024-12-27T07:31:05+00:00\",\"breadcrumb\":{\"@id\":\"https:\\\/\\\/flavi.fr\\\/index.php\\\/politique-de-confidentialite\\\/#breadcrumb\"},\"inLanguage\":\"fr-FR\",\"potentialAction\":[{\"@type\":\"ReadAction\",\"target\":[\"https:\\\/\\\/flavi.fr\\\/index.php\\\/politique-de-confidentialite\\\/\"]}]},{\"@type\":\"BreadcrumbList\",\"@id\":\"https:\\\/\\\/flavi.fr\\\/index.php\\\/politique-de-confidentialite\\\/#breadcrumb\",\"itemListElement\":[{\"@type\":\"ListItem\",\"position\":1,\"name\":\"Accueil\",\"item\":\"https:\\\/\\\/flavi.fr\\\/\"},{\"@type\":\"ListItem\",\"position\":2,\"name\":\"Politique de confidentialit\u00e9\"}]},{\"@type\":\"WebSite\",\"@id\":\"https:\\\/\\\/flavi.fr\\\/#website\",\"url\":\"https:\\\/\\\/flavi.fr\\\/\",\"name\":\"Flavi\",\"description\":\"auxiliaires de vie ind\u00e9pendantes\",\"potentialAction\":[{\"@type\":\"SearchAction\",\"target\":{\"@type\":\"EntryPoint\",\"urlTemplate\":\"https:\\\/\\\/flavi.fr\\\/?s={search_term_string}\"},\"query-input\":{\"@type\":\"PropertyValueSpecification\",\"valueRequired\":true,\"valueName\":\"search_term_string\"}}],\"inLanguage\":\"fr-FR\"}]}<\/script>\n<!-- \/ Yoast SEO plugin. -->","yoast_head_json":{"title":"Politique de confidentialit\u00e9 - Flavi","robots":{"index":"index","follow":"follow","max-snippet":"max-snippet:-1","max-image-preview":"max-image-preview:large","max-video-preview":"max-video-preview:-1"},"canonical":"https:\/\/flavi.fr\/index.php\/politique-de-confidentialite\/","og_locale":"fr_FR","og_type":"article","og_title":"Politique de confidentialit\u00e9 - Flavi","og_description":"Politique de confidentialit\u00e91. Responsable de traitement La Direction de l\u2019information l\u00e9gale et administrative (ci-apr\u00e8s DILA) est responsable du traitement pour le site flavi.fr\u00a0(ci-apr\u00e8s \u201cle Site\u201d ou \u201cle Site FLAVI\u201d). Elle est repr\u00e9sent\u00e9e par sa directrice Eva MURINGER. &nbsp; Les coordonn\u00e9es de la DILA : Direction de l\u2019information l\u00e9gale et administrative3 Avenue de l\u2019Europe34830 CLAPIERT\u00e9l. Standard [&hellip;]","og_url":"https:\/\/flavi.fr\/index.php\/politique-de-confidentialite\/","og_site_name":"Flavi","article_modified_time":"2024-12-27T07:31:05+00:00","twitter_card":"summary_large_image","twitter_misc":{"Dur\u00e9e de lecture estim\u00e9e":"3 minutes"},"schema":{"@context":"https:\/\/schema.org","@graph":[{"@type":"WebPage","@id":"https:\/\/flavi.fr\/index.php\/politique-de-confidentialite\/","url":"https:\/\/flavi.fr\/index.php\/politique-de-confidentialite\/","name":"Politique de confidentialit\u00e9 - Flavi","isPartOf":{"@id":"https:\/\/flavi.fr\/#website"},"datePublished":"2024-12-27T07:29:08+00:00","dateModified":"2024-12-27T07:31:05+00:00","breadcrumb":{"@id":"https:\/\/flavi.fr\/index.php\/politique-de-confidentialite\/#breadcrumb"},"inLanguage":"fr-FR","potentialAction":[{"@type":"ReadAction","target":["https:\/\/flavi.fr\/index.php\/politique-de-confidentialite\/"]}]},{"@type":"BreadcrumbList","@id":"https:\/\/flavi.fr\/index.php\/politique-de-confidentialite\/#breadcrumb","itemListElement":[{"@type":"ListItem","position":1,"name":"Accueil","item":"https:\/\/flavi.fr\/"},{"@type":"ListItem","position":2,"name":"Politique de confidentialit\u00e9"}]},{"@type":"WebSite","@id":"https:\/\/flavi.fr\/#website","url":"https:\/\/flavi.fr\/","name":"Flavi","description":"auxiliaires de vie ind\u00e9pendantes","potentialAction":[{"@type":"SearchAction","target":{"@type":"EntryPoint","urlTemplate":"https:\/\/flavi.fr\/?s={search_term_string}"},"query-input":{"@type":"PropertyValueSpecification","valueRequired":true,"valueName":"search_term_string"}}],"inLanguage":"fr-FR"}]}},"_links":{"self":[{"href":"https:\/\/flavi.fr\/index.php\/wp-json\/wp\/v2\/pages\/8330","targetHints":{"allow":["GET"]}}],"collection":[{"href":"https:\/\/flavi.fr\/index.php\/wp-json\/wp\/v2\/pages"}],"about":[{"href":"https:\/\/flavi.fr\/index.php\/wp-json\/wp\/v2\/types\/page"}],"author":[{"embeddable":true,"href":"https:\/\/flavi.fr\/index.php\/wp-json\/wp\/v2\/users\/1"}],"replies":[{"embeddable":true,"href":"https:\/\/flavi.fr\/index.php\/wp-json\/wp\/v2\/comments?post=8330"}],"version-history":[{"count":0,"href":"https:\/\/flavi.fr\/index.php\/wp-json\/wp\/v2\/pages\/8330\/revisions"}],"wp:attachment":[{"href":"https:\/\/flavi.fr\/index.php\/wp-json\/wp\/v2\/media?parent=8330"}],"curies":[{"name":"wp","href":"https:\/\/api.w.org\/{rel}","templated":true}]}}