{"id":8277,"date":"2024-12-13T14:23:19","date_gmt":"2024-12-13T13:23:19","guid":{"rendered":"https:\/\/flavi.fr\/?page_id=8277"},"modified":"2024-12-13T14:27:12","modified_gmt":"2024-12-13T13:27:12","slug":"politique-de-cookies","status":"publish","type":"page","link":"https:\/\/flavi.fr\/index.php\/politique-de-cookies\/","title":{"rendered":"Politique de cookies"},"content":{"rendered":"<p>[et_pb_section fb_built=\u00a0\u00bb1&Prime; _builder_version=\u00a0\u00bb4.24.2&Prime; _module_preset=\u00a0\u00bbdefault\u00a0\u00bb global_colors_info=\u00a0\u00bb{}\u00a0\u00bb][et_pb_row _builder_version=\u00a0\u00bb4.24.2&Prime; _module_preset=\u00a0\u00bbdefault\u00a0\u00bb global_colors_info=\u00a0\u00bb{}\u00a0\u00bb][et_pb_column type=\u00a0\u00bb4_4&Prime; _builder_version=\u00a0\u00bb4.24.2&Prime; _module_preset=\u00a0\u00bbdefault\u00a0\u00bb global_colors_info=\u00a0\u00bb{}\u00a0\u00bb][et_pb_text _builder_version=\u00a0\u00bb4.24.2&Prime; _module_preset=\u00a0\u00bbdefault\u00a0\u00bb header_font=\u00a0\u00bbABeeZee|700|||||||\u00a0\u00bb header_text_align=\u00a0\u00bbcenter\u00a0\u00bb header_font_size=\u00a0\u00bb45px\u00a0\u00bb header_font_size_tablet=\u00a0\u00bb45px\u00a0\u00bb header_font_size_phone=\u00a0\u00bb30px\u00a0\u00bb header_font_size_last_edited=\u00a0\u00bbon|desktop\u00a0\u00bb global_colors_info=\u00a0\u00bb{}\u00a0\u00bb]<\/p>\n<h1>Politique de cookies<\/h1>\n<p>[\/et_pb_text][et_pb_text _builder_version=\u00a0\u00bb4.24.2&Prime; _module_preset=\u00a0\u00bbdefault\u00a0\u00bb text_font_size=\u00a0\u00bb20px\u00a0\u00bb header_2_font=\u00a0\u00bbABeeZee|700|||||||\u00a0\u00bb header_2_text_align=\u00a0\u00bbleft\u00a0\u00bb header_2_font_size=\u00a0\u00bb30px\u00a0\u00bb hover_enabled=\u00a0\u00bb0&Prime; header_2_font_size_tablet=\u00a0\u00bb30px\u00a0\u00bb header_2_font_size_phone=\u00a0\u00bb25px\u00a0\u00bb header_2_font_size_last_edited=\u00a0\u00bbon|phone\u00a0\u00bb global_colors_info=\u00a0\u00bb{}\u00a0\u00bb sticky_enabled=\u00a0\u00bb0&Prime;]<\/p>\n<p data-pm-slice=\"0 0 []\">Cette politique de cookies vise \u00e0 informer les visiteurs de notre site Web sur les outils utilis\u00e9s et sur les options qui s&rsquo;offrent \u00e0 eux pour g\u00e9rer leurs cookies en toute connaissance de cause.<\/p>\n<h2 data-pm-slice=\"0 0 []\">Qu&rsquo;est-ce qu&rsquo;un cookie ?<\/h2>\n<p data-pm-slice=\"0 0 []\">\u00c0 chaque fois que vous visitez notre site web flavi.fr, nous pla\u00e7ons des cookies sur votre appareil pour diff\u00e9rentes raisons. Un cookie est un petit fichier texte qui est t\u00e9l\u00e9charg\u00e9 et stock\u00e9 sur votre ordinateur, votre t\u00e9l\u00e9phone portable ou autre appareil similaire, et qui contient des informations relatives \u00e0 votre navigation sur le site Web. Par exemple, pour suivre les pages que vous visitez afin d&rsquo;am\u00e9liorer votre exp\u00e9rience utilisateur.<\/p>\n<h2 data-pm-slice=\"0 0 []\">Pourquoi en utilisons-nous ?<\/h2>\n<p data-pm-slice=\"0 0 []\"><span>Nous utilisons des cookies pour vous offrir toutes les fonctionnalit\u00e9s de notre site web, personnaliser votre exp\u00e9rience utilisateur et effectuer des analyses afin d&rsquo;am\u00e9liorer votre exp\u00e9rience sur le site.\u00a0 Ces analyses sont utilis\u00e9es pour mesurer et optimiser votre exp\u00e9rience sur notre site web.\u00a0<\/span><\/p>\n<p data-pm-slice=\"0 0 []\"><span><\/span><\/p>\n<h2 data-pm-slice=\"0 0 []\"><span>Qui est responsable du placement de cookies sur notre site Web ?<\/span><\/h2>\n<p data-pm-slice=\"0 0 []\">Tous les cookies ont un \u00e9metteur qui vous indique \u00e0 qui appartient le cookie. Certains cookies sont plac\u00e9s sur les sites Web par nos soins et sont alors appel\u00e9s \u00ab cookies internes \u00bb, d\u2019autres sont plac\u00e9s par une autre organisation avec notre autorisation et sont appel\u00e9s \u00ab cookies tiers \u00bb.<\/p>\n<p data-pm-slice=\"0 0 []\"><span>Flavi, 3 Avenue de l&rsquo;Europe, 34830 CLAPIERS, et l\u2019\u00e9metteur d\u00e9sign\u00e9, figurant dans le sous-groupe de la liste de cookies, sont tous deux responsables de l\u2019installation de cookies sur votre appareil lorsque vous acc\u00e9dez notre site web, ainsi que du traitement des donn\u00e9es qui en d\u00e9coule.<\/span><\/p>\n<p data-pm-slice=\"0 0 []\"><span><\/span><\/p>\n<h2 data-pm-slice=\"0 0 []\"><span>Pendant combien de temps les cookies sont-ils stock\u00e9s ?<\/span><\/h2>\n<p data-pm-slice=\"0 0 []\"><span>Les dur\u00e9es de conservation sont variables sur votre navigateur ou votre appareil. Les cookies temporaires, appel\u00e9s cookies de session, sont stock\u00e9s dans votre appareil jusqu\u2019\u00e0 ce que vous fermiez votre navigateur. Les cookies permanents ont une date d\u2019expiration et lorsque celle-ci est d\u00e9pass\u00e9e, le cookie est supprim\u00e9 d\u00e8s que vous revenez sur le site Web qui l\u2019a g\u00e9n\u00e9r\u00e9.\u00a0<\/span><\/p>\n<p data-pm-slice=\"0 0 []\"><span><\/span><\/p>\n<h2 data-pm-slice=\"0 0 []\"><span>Quels types de cookies utilisons-nous ?<\/span><\/h2>\n<p data-pm-slice=\"0 0 []\"><span>Nous utilisons quatre cat\u00e9gories de cookies : n\u00e9cessaires, fonctionnels, analytiques et de publicit\u00e9. Seules les trois derni\u00e8res cat\u00e9gories n\u00e9cessitent le consentement de l\u2019utilisateur. Pour les cookies strictement n\u00e9cessaires, le consentement de l\u2019utilisateur n\u2019est pas requis, car ils fournissent un affichage complet et continu du contenu du site web afin qu&rsquo;il puisse y acc\u00e9der et b\u00e9n\u00e9ficier d\u2019une navigation et d\u2019une exp\u00e9rience optimale et fluide.\u00a0<\/span><\/p>\n<p data-pm-slice=\"0 0 []\"><span><\/span><\/p>\n<h2 data-pm-slice=\"0 0 []\"><span>Comment accepter, modifier ou retirer votre consentement aux cookies ?<\/span><\/h2>\n<p data-pm-slice=\"0 0 []\"><span>Vous pouvez accepter, modifier ou retirer votre consentement aux cookies en cliquant sur l&rsquo;ic\u00f4ne de cookies flottant.<\/span><\/p>\n<p>[\/et_pb_text][\/et_pb_column][\/et_pb_row][\/et_pb_section]<\/p>\n","protected":false},"excerpt":{"rendered":"<p>Politique de cookiesCette politique de cookies vise \u00e0 informer les visiteurs de notre site Web sur les outils utilis\u00e9s et sur les options qui s&rsquo;offrent \u00e0 eux pour g\u00e9rer leurs cookies en toute connaissance de cause. Qu&rsquo;est-ce qu&rsquo;un cookie ? \u00c0 chaque fois que vous visitez notre site web flavi.fr, nous pla\u00e7ons des cookies sur [&hellip;]<\/p>\n","protected":false},"author":1,"featured_media":0,"parent":0,"menu_order":0,"comment_status":"closed","ping_status":"closed","template":"","meta":{"_et_pb_use_builder":"on","_et_pb_old_content":"","_et_gb_content_width":"","_lmt_disableupdate":"","_lmt_disable":"","_monsterinsights_skip_tracking":false,"_monsterinsights_sitenote_active":false,"_monsterinsights_sitenote_note":"","_monsterinsights_sitenote_category":0,"footnotes":""},"class_list":["post-8277","page","type-page","status-publish","hentry"],"yoast_head":"<!-- This site is optimized with the Yoast SEO plugin v27.4 - https:\/\/yoast.com\/product\/yoast-seo-wordpress\/ -->\n<title>Politique de cookies - Flavi<\/title>\n<meta name=\"robots\" content=\"index, follow, max-snippet:-1, max-image-preview:large, max-video-preview:-1\" \/>\n<link rel=\"canonical\" href=\"https:\/\/flavi.fr\/index.php\/politique-de-cookies\/\" \/>\n<meta property=\"og:locale\" content=\"fr_FR\" \/>\n<meta property=\"og:type\" content=\"article\" \/>\n<meta property=\"og:title\" content=\"Politique de cookies - Flavi\" \/>\n<meta property=\"og:description\" content=\"Politique de cookiesCette politique de cookies vise \u00e0 informer les visiteurs de notre site Web sur les outils utilis\u00e9s et sur les options qui s&#039;offrent \u00e0 eux pour g\u00e9rer leurs cookies en toute connaissance de cause. Qu&#039;est-ce qu&#039;un cookie ? \u00c0 chaque fois que vous visitez notre site web flavi.fr, nous pla\u00e7ons des cookies sur [&hellip;]\" \/>\n<meta property=\"og:url\" content=\"https:\/\/flavi.fr\/index.php\/politique-de-cookies\/\" \/>\n<meta property=\"og:site_name\" content=\"Flavi\" \/>\n<meta property=\"article:modified_time\" content=\"2024-12-13T13:27:12+00:00\" \/>\n<meta name=\"twitter:card\" content=\"summary_large_image\" \/>\n<meta name=\"twitter:label1\" content=\"Dur\u00e9e de lecture estim\u00e9e\" \/>\n\t<meta name=\"twitter:data1\" content=\"3 minutes\" \/>\n<script type=\"application\/ld+json\" class=\"yoast-schema-graph\">{\"@context\":\"https:\\\/\\\/schema.org\",\"@graph\":[{\"@type\":\"WebPage\",\"@id\":\"https:\\\/\\\/flavi.fr\\\/index.php\\\/politique-de-cookies\\\/\",\"url\":\"https:\\\/\\\/flavi.fr\\\/index.php\\\/politique-de-cookies\\\/\",\"name\":\"Politique de cookies - Flavi\",\"isPartOf\":{\"@id\":\"https:\\\/\\\/flavi.fr\\\/#website\"},\"datePublished\":\"2024-12-13T13:23:19+00:00\",\"dateModified\":\"2024-12-13T13:27:12+00:00\",\"breadcrumb\":{\"@id\":\"https:\\\/\\\/flavi.fr\\\/index.php\\\/politique-de-cookies\\\/#breadcrumb\"},\"inLanguage\":\"fr-FR\",\"potentialAction\":[{\"@type\":\"ReadAction\",\"target\":[\"https:\\\/\\\/flavi.fr\\\/index.php\\\/politique-de-cookies\\\/\"]}]},{\"@type\":\"BreadcrumbList\",\"@id\":\"https:\\\/\\\/flavi.fr\\\/index.php\\\/politique-de-cookies\\\/#breadcrumb\",\"itemListElement\":[{\"@type\":\"ListItem\",\"position\":1,\"name\":\"Accueil\",\"item\":\"https:\\\/\\\/flavi.fr\\\/\"},{\"@type\":\"ListItem\",\"position\":2,\"name\":\"Politique de cookies\"}]},{\"@type\":\"WebSite\",\"@id\":\"https:\\\/\\\/flavi.fr\\\/#website\",\"url\":\"https:\\\/\\\/flavi.fr\\\/\",\"name\":\"Flavi\",\"description\":\"auxiliaires de vie ind\u00e9pendantes\",\"potentialAction\":[{\"@type\":\"SearchAction\",\"target\":{\"@type\":\"EntryPoint\",\"urlTemplate\":\"https:\\\/\\\/flavi.fr\\\/?s={search_term_string}\"},\"query-input\":{\"@type\":\"PropertyValueSpecification\",\"valueRequired\":true,\"valueName\":\"search_term_string\"}}],\"inLanguage\":\"fr-FR\"}]}<\/script>\n<!-- \/ Yoast SEO plugin. -->","yoast_head_json":{"title":"Politique de cookies - Flavi","robots":{"index":"index","follow":"follow","max-snippet":"max-snippet:-1","max-image-preview":"max-image-preview:large","max-video-preview":"max-video-preview:-1"},"canonical":"https:\/\/flavi.fr\/index.php\/politique-de-cookies\/","og_locale":"fr_FR","og_type":"article","og_title":"Politique de cookies - Flavi","og_description":"Politique de cookiesCette politique de cookies vise \u00e0 informer les visiteurs de notre site Web sur les outils utilis\u00e9s et sur les options qui s'offrent \u00e0 eux pour g\u00e9rer leurs cookies en toute connaissance de cause. Qu'est-ce qu'un cookie ? \u00c0 chaque fois que vous visitez notre site web flavi.fr, nous pla\u00e7ons des cookies sur [&hellip;]","og_url":"https:\/\/flavi.fr\/index.php\/politique-de-cookies\/","og_site_name":"Flavi","article_modified_time":"2024-12-13T13:27:12+00:00","twitter_card":"summary_large_image","twitter_misc":{"Dur\u00e9e de lecture estim\u00e9e":"3 minutes"},"schema":{"@context":"https:\/\/schema.org","@graph":[{"@type":"WebPage","@id":"https:\/\/flavi.fr\/index.php\/politique-de-cookies\/","url":"https:\/\/flavi.fr\/index.php\/politique-de-cookies\/","name":"Politique de cookies - Flavi","isPartOf":{"@id":"https:\/\/flavi.fr\/#website"},"datePublished":"2024-12-13T13:23:19+00:00","dateModified":"2024-12-13T13:27:12+00:00","breadcrumb":{"@id":"https:\/\/flavi.fr\/index.php\/politique-de-cookies\/#breadcrumb"},"inLanguage":"fr-FR","potentialAction":[{"@type":"ReadAction","target":["https:\/\/flavi.fr\/index.php\/politique-de-cookies\/"]}]},{"@type":"BreadcrumbList","@id":"https:\/\/flavi.fr\/index.php\/politique-de-cookies\/#breadcrumb","itemListElement":[{"@type":"ListItem","position":1,"name":"Accueil","item":"https:\/\/flavi.fr\/"},{"@type":"ListItem","position":2,"name":"Politique de cookies"}]},{"@type":"WebSite","@id":"https:\/\/flavi.fr\/#website","url":"https:\/\/flavi.fr\/","name":"Flavi","description":"auxiliaires de vie ind\u00e9pendantes","potentialAction":[{"@type":"SearchAction","target":{"@type":"EntryPoint","urlTemplate":"https:\/\/flavi.fr\/?s={search_term_string}"},"query-input":{"@type":"PropertyValueSpecification","valueRequired":true,"valueName":"search_term_string"}}],"inLanguage":"fr-FR"}]}},"_links":{"self":[{"href":"https:\/\/flavi.fr\/index.php\/wp-json\/wp\/v2\/pages\/8277","targetHints":{"allow":["GET"]}}],"collection":[{"href":"https:\/\/flavi.fr\/index.php\/wp-json\/wp\/v2\/pages"}],"about":[{"href":"https:\/\/flavi.fr\/index.php\/wp-json\/wp\/v2\/types\/page"}],"author":[{"embeddable":true,"href":"https:\/\/flavi.fr\/index.php\/wp-json\/wp\/v2\/users\/1"}],"replies":[{"embeddable":true,"href":"https:\/\/flavi.fr\/index.php\/wp-json\/wp\/v2\/comments?post=8277"}],"version-history":[{"count":0,"href":"https:\/\/flavi.fr\/index.php\/wp-json\/wp\/v2\/pages\/8277\/revisions"}],"wp:attachment":[{"href":"https:\/\/flavi.fr\/index.php\/wp-json\/wp\/v2\/media?parent=8277"}],"curies":[{"name":"wp","href":"https:\/\/api.w.org\/{rel}","templated":true}]}}